{"id":971,"date":"2021-05-05T08:56:08","date_gmt":"2021-05-05T08:56:08","guid":{"rendered":"https:\/\/residenciaalzheimerbarcelona.com\/?page_id=971"},"modified":"2024-03-06T11:54:22","modified_gmt":"2024-03-06T11:54:22","slug":"instalacions","status":"publish","type":"page","link":"https:\/\/residenciaalzheimerbarcelona.com\/ca\/instalacions\/","title":{"rendered":"Instal\u00b7lacions"},"content":{"rendered":"<div class=\"wpb-content-wrapper\"><p>[vc_row css_animation=&#8221;element_from_bottom&#8221; row_type=&#8221;row&#8221; use_row_as_full_screen_section=&#8221;no&#8221; type=&#8221;grid&#8221; angled_section=&#8221;no&#8221; text_align=&#8221;left&#8221; background_image_as_pattern=&#8221;without_pattern&#8221; z_index=&#8221;&#8221; background_image=&#8221;2579&#8243;][vc_column][vc_empty_space height=&#8221;200&#8243;][vc_column_text][\/vc_column_text][vc_empty_space height=&#8221;200px&#8221;][\/vc_column][\/vc_row][vc_row css_animation=&#8221;&#8221; row_type=&#8221;row&#8221; use_row_as_full_screen_section=&#8221;no&#8221; type=&#8221;full_width&#8221; angled_section=&#8221;no&#8221; text_align=&#8221;left&#8221; background_image_as_pattern=&#8221;without_pattern&#8221;][vc_column][vc_empty_space height=&#8221;50&#8243;][vc_column_text]<\/p>\n<h1 style=\"text-align: center;\"><span style=\"color: #464c4b;\"><strong>INSTAL\u00b7LACIONS<\/strong><\/span><\/h1>\n<p>[\/vc_column_text][vc_separator type=&#8221;small&#8221; position=&#8221;center&#8221; color=&#8221;#464c4b&#8221; thickness=&#8221;1,5&#8243; width=&#8221;20&#8243;][vc_empty_space height=&#8221;50&#8243;][\/vc_column][\/vc_row][vc_row css_animation=&#8221;&#8221; row_type=&#8221;row&#8221; use_row_as_full_screen_section=&#8221;no&#8221; type=&#8221;grid&#8221; angled_section=&#8221;no&#8221; text_align=&#8221;left&#8221; background_image_as_pattern=&#8221;without_pattern&#8221; z_index=&#8221;&#8221;][vc_column][vc_column_text]<strong>Resid\u00e8ncia Cugat Residencial: La teva Llar Al costat del Mar, a Minuts de Sitges<\/strong><\/p>\n<p>&nbsp;<\/p>\n<p>A la Resid\u00e8ncia <strong><span style=\"color: #008000;\">Cugat Residencial<\/span><\/strong>, <span class=\"hiddenGrammarError\">les<\/span>\u00a0nostres instal\u00b7lacions estan acuradament dissenyades perqu\u00e8 els usuaris i les seves fam\u00edlies se sentin com a casa. Disposem d&#8217;un entorn que combina la bellesa de la nostra proximitat al mar, modernes i completament equipades habitacions, una gran cuina i menjadors acollidors. A m\u00e9s, la nostra ubicaci\u00f3 estrat\u00e8gica a Vilanova i la Geltr\u00fa, a nom\u00e9s cinc minuts de Sitges, ofereix acc\u00e9s immillorable tant des de Sitges com des de Sant Pere de Ribes.<\/p>\n<p>&nbsp;<\/p>\n<p><strong><span style=\"color: #008000;\">Cugat Residencial<\/span><\/strong> <span class=\"hiddenGrammarError\">\u00e9s<\/span>\u00a0un aut\u00e8ntic oasi de tranquil\u00b7litat i bellesa natural. A pocs metres trobareu el passeig mar\u00edtim de Vilanova i la Geltr\u00fa, on els residents poden passejar, gaudir de l&#8217;aire lliure i connectar-vos amb la natura i el mar. La nostra ubicaci\u00f3 proporciona un ambient relaxant i propici per dur a terme totes les nostres activitats, aix\u00ed com per passar temps amb la fam\u00edlia.<\/p>\n<p>&nbsp;<\/p>\n<p>Les nostres habitacions a <strong><span style=\"color: #008000;\">Cugat Residencial <\/span><\/strong><span class=\"hiddenGrammarError\">han <\/span>estat dissenyades amb especial atenci\u00f3 a la comoditat i estil. S\u00f3n modernes, elegants i estan equipades amb totes les comoditats necess\u00e0ries perqu\u00e8 els nostres residents se sentin com a casa. Cada habitaci\u00f3 est\u00e0 meticulosament moblada i compta amb instal\u00b7lacions modernes, proporcionant un espai personalitzat i acollidor per a cada resident.<\/p>\n<p>&nbsp;<\/p>\n<p>La nostra gran cuina \u00e9s el cor de la resid\u00e8ncia. Aqu\u00ed, el nostre talent\u00f3s equip de cuina prepara deliciosos menjars utilitzant ingredients frescos i de qualitat. Ens esforcem per oferir una experi\u00e8ncia culin\u00e0ria excepcional, adaptant-nos a les necessitats i prefer\u00e8ncies de cada resident. Els nostres menjadors s\u00f3n espais amplis i confortables, on els residents poden gaudir dels \u00e0pats en un ambient agradable i social.<\/p>\n<p>&nbsp;<\/p>\n<p>Descobreix perqu\u00e8 som l&#8217;elecci\u00f3 preferida d&#8217;aquells que busquen una resid\u00e8ncia de qualitat al costat del mar, a minuts de Sitges.\u00a0Contacta amb nosaltres\u00a0avui mateix per obtenir m\u00e9s informaci\u00f3 sobre els nostres serveis i les comoditats que oferim.[\/vc_column_text][\/vc_column][\/vc_row][vc_row css_animation=&#8221;&#8221; row_type=&#8221;row&#8221; use_row_as_full_screen_section=&#8221;no&#8221; type=&#8221;full_width&#8221; angled_section=&#8221;no&#8221; text_align=&#8221;left&#8221; background_image_as_pattern=&#8221;without_pattern&#8221;][vc_column][vc_empty_space height=&#8221;50&#8243;][\/vc_column][\/vc_row][vc_row css_animation=&#8221;&#8221; row_type=&#8221;row&#8221; use_row_as_full_screen_section=&#8221;no&#8221; type=&#8221;grid&#8221; angled_section=&#8221;no&#8221; text_align=&#8221;left&#8221; background_image_as_pattern=&#8221;without_pattern&#8221; z_index=&#8221;&#8221;][vc_column width=&#8221;1\/2&#8243;][vc_single_image image=&#8221;2497&#8243; img_size=&#8221;530X590&#8243; qode_css_animation=&#8221;&#8221; qode_hover_animation=&#8221;zoom_in&#8221;][vc_empty_space height=&#8221;10px&#8221;][\/vc_column][vc_column width=&#8221;1\/2&#8243;][vc_single_image image=&#8221;2513&#8243; img_size=&#8221;530&#215;290&#8243; qode_css_animation=&#8221;&#8221; qode_hover_animation=&#8221;zoom_in&#8221;][vc_empty_space height=&#8221;10px&#8221;][vc_single_image image=&#8221;2491&#8243; img_size=&#8221;530&#215;290&#8243; qode_css_animation=&#8221;&#8221; qode_hover_animation=&#8221;zoom_in&#8221;][vc_empty_space height=&#8221;10px&#8221;][\/vc_column][\/vc_row][vc_row css_animation=&#8221;&#8221; row_type=&#8221;row&#8221; use_row_as_full_screen_section=&#8221;no&#8221; type=&#8221;full_width&#8221; angled_section=&#8221;no&#8221; text_align=&#8221;left&#8221; background_image_as_pattern=&#8221;without_pattern&#8221;][vc_column][vc_empty_space height=&#8221;50&#8243;][\/vc_column][\/vc_row][vc_row css_animation=&#8221;&#8221; row_type=&#8221;row&#8221; use_row_as_full_screen_section=&#8221;no&#8221; type=&#8221;full_width&#8221; angled_section=&#8221;no&#8221; text_align=&#8221;left&#8221; background_image_as_pattern=&#8221;without_pattern&#8221; css=&#8221;.vc_custom_1689074231191{background-color: #e08647 !important;}&#8221; z_index=&#8221;&#8221;][vc_column][vc_empty_space height=&#8221;60px&#8221;][vc_column_text css=&#8221;.vc_custom_1709640292762{padding-right: 50px !important;padding-left: 50px !important;}&#8221;]<\/p>\n<h5 style=\"text-align: center;\"><span style=\"color: #faedd4;\"><strong><em>El nostre objectiu \u00e9s proporcionar un entorn excepcional on els nostres residents puguin viure amb comoditat, tranquil\u00b7litat i benestar.<br \/>\nVine i descobreix l&#8217;experi\u00e8ncia \u00fanica que oferim a Cugat Residencial!<\/em><\/strong><\/span><\/h5>\n<p>[\/vc_column_text][vc_empty_space height=&#8221;60px&#8221;][\/vc_column][\/vc_row][vc_row css_animation=&#8221;element_from_bottom&#8221; row_type=&#8221;row&#8221; use_row_as_full_screen_section=&#8221;no&#8221; type=&#8221;grid&#8221; angled_section=&#8221;no&#8221; text_align=&#8221;center&#8221; background_image_as_pattern=&#8221;without_pattern&#8221; z_index=&#8221;&#8221; css=&#8221;.vc_custom_1702556011257{background-color: #d7f7e1 !important;}&#8221;][vc_column][vc_empty_space height=&#8221;60px&#8221;][vc_hoverbox image=&#8221;2452&#8243; primary_title=&#8221;Exteriores&#8221; primary_title_font_container=&#8221;color:%23000000&#8243; hover_title=&#8221;&#8221; shape=&#8221;square&#8221; hover_background_color=&#8221;custom&#8221; el_width=&#8221;80&#8243; hover_custom_background=&#8221;#ffffff&#8221;]Estem envoltats\u00a0d&#8217;amplis\u00a0jardins on el resident pot gaudir de la natura en plenitud.[\/vc_hoverbox][vc_empty_space height=&#8221;60px&#8221;][\/vc_column][\/vc_row][vc_row css_animation=&#8221;element_from_bottom&#8221; row_type=&#8221;row&#8221; use_row_as_full_screen_section=&#8221;no&#8221; type=&#8221;grid&#8221; angled_section=&#8221;no&#8221; text_align=&#8221;center&#8221; background_image_as_pattern=&#8221;without_pattern&#8221; z_index=&#8221;&#8221; css=&#8221;.vc_custom_1702556024600{background-color: #d7f7e1 !important;}&#8221;][vc_column width=&#8221;1\/3&#8243;][vc_empty_space height=&#8221;60px&#8221;][vc_single_image image=&#8221;2565&#8243; img_size=&#8221;333&#215;333&#8243; alignment=&#8221;center&#8221; onclick=&#8221;link_image&#8221; qode_css_animation=&#8221;&#8221; qode_hover_animation=&#8221;zoom_in&#8221;][vc_empty_space height=&#8221;60px&#8221;][\/vc_column][vc_column width=&#8221;1\/3&#8243;][vc_empty_space height=&#8221;60px&#8221;][vc_single_image image=&#8221;2563&#8243; img_size=&#8221;333&#215;333&#8243; alignment=&#8221;center&#8221; qode_css_animation=&#8221;&#8221; qode_hover_animation=&#8221;zoom_in&#8221;][vc_empty_space height=&#8221;60px&#8221;][\/vc_column][vc_column width=&#8221;1\/3&#8243;][vc_empty_space height=&#8221;60px&#8221;][vc_single_image image=&#8221;2489&#8243; img_size=&#8221;333&#215;333&#8243; alignment=&#8221;center&#8221; qode_css_animation=&#8221;&#8221; qode_hover_animation=&#8221;zoom_in&#8221;][vc_empty_space height=&#8221;60px&#8221;][\/vc_column][\/vc_row][vc_row css_animation=&#8221;element_from_bottom&#8221; row_type=&#8221;row&#8221; use_row_as_full_screen_section=&#8221;no&#8221; type=&#8221;grid&#8221; angled_section=&#8221;no&#8221; text_align=&#8221;center&#8221; background_image_as_pattern=&#8221;without_pattern&#8221; z_index=&#8221;&#8221; css=&#8221;.vc_custom_1702556037581{background-color: #d7f7e1 !important;}&#8221;][vc_column][vc_empty_space height=&#8221;60px&#8221;][vc_hoverbox image=&#8221;2454&#8243; primary_title=&#8221;Habitacions&#8221; primary_title_font_container=&#8221;color:%23000000&#8243; hover_title=&#8221;&#8221; shape=&#8221;square&#8221; hover_background_color=&#8221;custom&#8221; el_width=&#8221;80&#8243; hover_custom_background=&#8221;#ffffff&#8221;]Disposem d&#8217;habitacions individuals i dobles, totes amb bany adaptat al seu interior. Dissenyades pensant en la seguretat i la comoditat dels usuaris.[\/vc_hoverbox][vc_empty_space height=&#8221;60px&#8221;][\/vc_column][\/vc_row][vc_row css_animation=&#8221;element_from_bottom&#8221; row_type=&#8221;row&#8221; use_row_as_full_screen_section=&#8221;no&#8221; type=&#8221;grid&#8221; angled_section=&#8221;no&#8221; text_align=&#8221;center&#8221; background_image_as_pattern=&#8221;without_pattern&#8221; z_index=&#8221;&#8221; css=&#8221;.vc_custom_1702556048368{background-color: #d7f7e1 !important;}&#8221;][vc_column width=&#8221;1\/3&#8243;][vc_empty_space height=&#8221;60px&#8221;][vc_single_image image=&#8221;2515&#8243; img_size=&#8221;333&#215;333&#8243; alignment=&#8221;center&#8221; qode_css_animation=&#8221;&#8221; qode_hover_animation=&#8221;zoom_in&#8221;][vc_empty_space height=&#8221;60px&#8221;][\/vc_column][vc_column width=&#8221;1\/3&#8243;][vc_empty_space height=&#8221;60px&#8221;][vc_single_image image=&#8221;2513&#8243; img_size=&#8221;333&#215;333&#8243; alignment=&#8221;center&#8221; qode_css_animation=&#8221;&#8221; qode_hover_animation=&#8221;zoom_in&#8221;][vc_empty_space height=&#8221;60px&#8221;][\/vc_column][vc_column width=&#8221;1\/3&#8243;][vc_empty_space height=&#8221;60px&#8221;][vc_single_image image=&#8221;2577&#8243; img_size=&#8221;333&#215;333&#8243; alignment=&#8221;center&#8221; qode_css_animation=&#8221;&#8221; qode_hover_animation=&#8221;zoom_in&#8221;][vc_empty_space height=&#8221;60px&#8221;][\/vc_column][\/vc_row][vc_row css_animation=&#8221;element_from_bottom&#8221; row_type=&#8221;row&#8221; use_row_as_full_screen_section=&#8221;no&#8221; type=&#8221;grid&#8221; angled_section=&#8221;no&#8221; text_align=&#8221;center&#8221; background_image_as_pattern=&#8221;without_pattern&#8221; z_index=&#8221;&#8221; css=&#8221;.vc_custom_1702556059585{background-color: #d7f7e1 !important;}&#8221;][vc_column][vc_empty_space height=&#8221;60px&#8221;][vc_hoverbox image=&#8221;2499&#8243; primary_title=&#8221;Zones comunes&#8221; primary_title_font_container=&#8221;color:%23000000&#8243; hover_title=&#8221;&#8221; shape=&#8221;square&#8221; hover_background_color=&#8221;custom&#8221; el_width=&#8221;80&#8243; hover_custom_background=&#8221;#ffffff&#8221;]Les zones comunes estan adaptades a les necessitats dels usuaris, planificant\u00a0l&#8217;atenci\u00f3\u00a0al resident des del coneixement de la persona, la seva hist\u00f2ria de vida, estat f\u00edsic, gustos i prefer\u00e8ncies.[\/vc_hoverbox][vc_empty_space height=&#8221;60px&#8221;][\/vc_column][\/vc_row][vc_row css_animation=&#8221;element_from_bottom&#8221; row_type=&#8221;row&#8221; use_row_as_full_screen_section=&#8221;no&#8221; type=&#8221;grid&#8221; angled_section=&#8221;no&#8221; text_align=&#8221;center&#8221; background_image_as_pattern=&#8221;without_pattern&#8221; z_index=&#8221;&#8221; css=&#8221;.vc_custom_1702556070126{background-color: #d7f7e1 !important;}&#8221;][vc_column width=&#8221;1\/3&#8243;][vc_empty_space height=&#8221;60px&#8221;][vc_single_image image=&#8221;2493&#8243; img_size=&#8221;333&#215;333&#8243; alignment=&#8221;center&#8221; qode_css_animation=&#8221;&#8221; qode_hover_animation=&#8221;zoom_in&#8221;][vc_empty_space height=&#8221;60px&#8221;][\/vc_column][vc_column width=&#8221;1\/3&#8243;][vc_empty_space height=&#8221;60px&#8221;][vc_single_image image=&#8221;2483&#8243; img_size=&#8221;333&#215;333&#8243; alignment=&#8221;center&#8221; qode_css_animation=&#8221;&#8221; qode_hover_animation=&#8221;zoom_in&#8221;][vc_empty_space height=&#8221;60px&#8221;][\/vc_column][vc_column width=&#8221;1\/3&#8243;][vc_empty_space height=&#8221;60px&#8221;][vc_single_image image=&#8221;2491&#8243; img_size=&#8221;333&#215;333&#8243; alignment=&#8221;center&#8221; qode_css_animation=&#8221;&#8221; qode_hover_animation=&#8221;zoom_in&#8221;][vc_empty_space height=&#8221;60px&#8221;][\/vc_column][\/vc_row][vc_row css_animation=&#8221;element_from_bottom&#8221; row_type=&#8221;row&#8221; use_row_as_full_screen_section=&#8221;no&#8221; type=&#8221;grid&#8221; angled_section=&#8221;no&#8221; text_align=&#8221;center&#8221; background_image_as_pattern=&#8221;without_pattern&#8221; z_index=&#8221;&#8221; css=&#8221;.vc_custom_1702556081972{background-color: #d7f7e1 !important;}&#8221;][vc_column][vc_empty_space height=&#8221;60px&#8221;][vc_hoverbox image=&#8221;2511&#8243; primary_title=&#8221;Cuina&#8221; primary_title_font_container=&#8221;color:%23000000&#8243; hover_title=&#8221;&#8221; shape=&#8221;square&#8221; hover_background_color=&#8221;custom&#8221; el_width=&#8221;80&#8243; hover_custom_background=&#8221;#ffffff&#8221;]S&#8217;elaboren men\u00fas equilibrats que s&#8217;adapten a les necessitats energ\u00e8tiques, nutricionals i diet\u00e8tiques, amb productes i plats de temporada.[\/vc_hoverbox][vc_empty_space height=&#8221;60px&#8221;][\/vc_column][\/vc_row][vc_row css_animation=&#8221;&#8221; row_type=&#8221;row&#8221; use_row_as_full_screen_section=&#8221;no&#8221; type=&#8221;full_width&#8221; angled_section=&#8221;no&#8221; text_align=&#8221;center&#8221; background_image_as_pattern=&#8221;without_pattern&#8221; z_index=&#8221;&#8221; css=&#8221;.vc_custom_1702556104101{background-color: #d7f7e1 !important;}&#8221;][vc_column][vc_empty_space]<a  itemprop=\"url\" href=\"https:\/\/residenciaalzheimerbarcelona.com\/ca\/serveis\/\" target=\"_self\" data-hover-background-color='#464c4b' data-hover-border-color='#464c4b' data-hover-color='#ffffff' class=\"qbutton  default\" style=\"color: #ffffff; border-color: #464c4b; background-color: #464c4b;\">Veure serveis<span aria-hidden=\"true\" class=\"qode_icon_font_elegant arrow_carrot-2right qode_button_icon_element\" style=\"color: #ffffff;\" ><\/span><\/a>[vc_empty_space height=&#8221;60px&#8221;][\/vc_column][\/vc_row]<\/p>\n<\/div>","protected":false},"excerpt":{"rendered":"<p>[vc_row css_animation=&#8221;element_from_bottom&#8221; row_type=&#8221;row&#8221; use_row_as_full_screen_section=&#8221;no&#8221; type=&#8221;grid&#8221; angled_section=&#8221;no&#8221; text_align=&#8221;left&#8221; background_image_as_pattern=&#8221;without_pattern&#8221; z_index=&#8221;&#8221; background_image=&#8221;2579&#8243;][vc_column][vc_empty_space height=&#8221;200&#8243;][vc_column_text][\/vc_column_text][vc_empty_space height=&#8221;200px&#8221;][\/vc_column][\/vc_row][vc_row css_animation=&#8221;&#8221; row_type=&#8221;row&#8221; use_row_as_full_screen_section=&#8221;no&#8221; type=&#8221;full_width&#8221; angled_section=&#8221;no&#8221; text_align=&#8221;left&#8221; background_image_as_pattern=&#8221;without_pattern&#8221;][vc_column][vc_empty_space height=&#8221;50&#8243;][vc_column_text] INSTAL\u00b7LACIONS [\/vc_column_text][vc_separator type=&#8221;small&#8221; position=&#8221;center&#8221; color=&#8221;#464c4b&#8221; thickness=&#8221;1,5&#8243; width=&#8221;20&#8243;][vc_empty_space height=&#8221;50&#8243;][\/vc_column][\/vc_row][vc_row css_animation=&#8221;&#8221; row_type=&#8221;row&#8221; use_row_as_full_screen_section=&#8221;no&#8221; type=&#8221;grid&#8221; angled_section=&#8221;no&#8221; text_align=&#8221;left&#8221; background_image_as_pattern=&#8221;without_pattern&#8221; z_index=&#8221;&#8221;][vc_column][vc_column_text]Resid\u00e8ncia Cugat Residencial: La teva Llar Al costat del Mar,&#8230;<\/p>\n","protected":false},"author":2,"featured_media":0,"parent":0,"menu_order":0,"comment_status":"closed","ping_status":"closed","template":"full_width.php","meta":{"footnotes":""},"yst_prominent_words":[],"class_list":["post-971","page","type-page","status-publish","hentry"],"_links":{"self":[{"href":"https:\/\/residenciaalzheimerbarcelona.com\/ca\/wp-json\/wp\/v2\/pages\/971","targetHints":{"allow":["GET"]}}],"collection":[{"href":"https:\/\/residenciaalzheimerbarcelona.com\/ca\/wp-json\/wp\/v2\/pages"}],"about":[{"href":"https:\/\/residenciaalzheimerbarcelona.com\/ca\/wp-json\/wp\/v2\/types\/page"}],"author":[{"embeddable":true,"href":"https:\/\/residenciaalzheimerbarcelona.com\/ca\/wp-json\/wp\/v2\/users\/2"}],"replies":[{"embeddable":true,"href":"https:\/\/residenciaalzheimerbarcelona.com\/ca\/wp-json\/wp\/v2\/comments?post=971"}],"version-history":[{"count":35,"href":"https:\/\/residenciaalzheimerbarcelona.com\/ca\/wp-json\/wp\/v2\/pages\/971\/revisions"}],"predecessor-version":[{"id":2711,"href":"https:\/\/residenciaalzheimerbarcelona.com\/ca\/wp-json\/wp\/v2\/pages\/971\/revisions\/2711"}],"wp:attachment":[{"href":"https:\/\/residenciaalzheimerbarcelona.com\/ca\/wp-json\/wp\/v2\/media?parent=971"}],"wp:term":[{"taxonomy":"yst_prominent_words","embeddable":true,"href":"https:\/\/residenciaalzheimerbarcelona.com\/ca\/wp-json\/wp\/v2\/yst_prominent_words?post=971"}],"curies":[{"name":"wp","href":"https:\/\/api.w.org\/{rel}","templated":true}]}}