{"id":951,"date":"2021-05-03T17:31:24","date_gmt":"2021-05-03T17:31:24","guid":{"rendered":"https:\/\/residenciaalzheimerbarcelona.com\/?page_id=951"},"modified":"2024-03-06T11:35:00","modified_gmt":"2024-03-06T11:35:00","slug":"serveis","status":"publish","type":"page","link":"https:\/\/residenciaalzheimerbarcelona.com\/ca\/serveis\/","title":{"rendered":"Serveis"},"content":{"rendered":"<div class=\"wpb-content-wrapper\"><p>[vc_row css_animation=&#8221;element_from_bottom&#8221; row_type=&#8221;row&#8221; use_row_as_full_screen_section=&#8221;no&#8221; type=&#8221;full_width&#8221; angled_section=&#8221;no&#8221; text_align=&#8221;left&#8221; background_image_as_pattern=&#8221;without_pattern&#8221; z_index=&#8221;&#8221; background_image=&#8221;2567&#8243;][vc_column][vc_empty_space height=&#8221;200&#8243;][vc_column_text][\/vc_column_text][vc_empty_space height=&#8221;200px&#8221;][\/vc_column][\/vc_row][vc_row css_animation=&#8221;&#8221; row_type=&#8221;row&#8221; use_row_as_full_screen_section=&#8221;no&#8221; type=&#8221;full_width&#8221; angled_section=&#8221;no&#8221; text_align=&#8221;left&#8221; background_image_as_pattern=&#8221;without_pattern&#8221;][vc_column][vc_empty_space height=&#8221;50px&#8221;][vc_column_text]<\/p>\n<h1 style=\"text-align: center;\"><span style=\"color: #464c4b;\"><strong>SERVEIS<\/strong><\/span><\/h1>\n<p>[\/vc_column_text][vc_separator type=&#8221;small&#8221; position=&#8221;center&#8221; color=&#8221;#464c4b&#8221; thickness=&#8221;1,5&#8243; width=&#8221;20&#8243;][vc_empty_space height=&#8221;50px&#8221;][\/vc_column][\/vc_row][vc_row css_animation=&#8221;&#8221; row_type=&#8221;row&#8221; use_row_as_full_screen_section=&#8221;no&#8221; type=&#8221;grid&#8221; angled_section=&#8221;no&#8221; text_align=&#8221;left&#8221; background_image_as_pattern=&#8221;without_pattern&#8221; z_index=&#8221;&#8221;][vc_column][vc_column_text]<strong>Cugat Residencial: Serveis de Qualitat, Atenci\u00f3 Familiar<\/strong><\/p>\n<p>&nbsp;<\/p>\n<p>A la resid\u00e8ncia <strong><span style=\"color: #008000;\">Cugat Residencial<\/span><\/strong>, <span class=\"hiddenGrammarError\">ens<\/span>\u00a0enorgulleix oferir serveis excepcionals que combinen el tracte familiar amb una atenci\u00f3 professional i especialitzada. Disposem\u00a0d&#8217;un\u00a0equip de m\u00e9s de 40 persones altament capacitades i dedicades per donar atenci\u00f3 a 50 residents, que treballen di\u00e0riament per oferir coneixements experts, vocaci\u00f3 de servei i atenci\u00f3 de qualitat. El nostre objectiu principal \u00e9s assegurar que els nostres residents sentin que la resid\u00e8ncia \u00e9s la seva segona llar, on reben serveis de m\u00e0xima qualitat.<\/p>\n<p>&nbsp;<\/p>\n<p>A <strong><span style=\"color: #008000;\">Cugat Residencial<\/span><\/strong>, <span class=\"hiddenGrammarError\">oferim<\/span>\u00a0un ampli ventall de serveis dissenyats per cobrir totes les necessitats i garantir el benestar dels nostres residents. Ens esforcem per proporcionar serveis de m\u00e0xima qualitat a totes les \u00e0rees, des de la cura personalitzada fins a l&#8217;atenci\u00f3 m\u00e8dica, passant per activitats recreatives i socials. Cada servei est\u00e0 dissenyat i adaptat a les necessitats individuals de cada resident, per assegurar una experi\u00e8ncia personalitzada i satisfact\u00f2ria.<\/p>\n<p>&nbsp;<\/p>\n<p>El nostre equip de professionals est\u00e0 altament preparat i comprom\u00e8s amb la cura i atenci\u00f3 dels nostres residents. Valorem la import\u00e0ncia del tracte familiar i proper, creant un ambient on cada resident se senti benvingut i apreciat. A m\u00e9s, ens mantenim a l&#8217;avantguarda dels aven\u00e7os al camp de l&#8217;atenci\u00f3 geri\u00e0trica, brindant serveis especialitzats i d&#8217;\u00faltima generaci\u00f3.<\/p>\n<p>&nbsp;<\/p>\n<p>A <strong><span style=\"color: #008000;\">Cugat Residencial<\/span><\/strong>, <span class=\"hiddenGrammarError\">el<\/span>\u00a0nostre comprom\u00eds \u00e9s oferir serveis excepcionals i una experi\u00e8ncia \u00fanica per a cada resident que esculli la nostra resid\u00e8ncia com a casa seva. Descobreix perqu\u00e8 som l&#8217;elecci\u00f3 preferida per als que busquen una atenci\u00f3 de qualitat en un entorn c\u00e0lid i acollidor. Contacta amb nosaltres avui mateix per obtenir m\u00e9s informaci\u00f3 sobre els nostres serveis i com podem millorar la qualitat de vida dels teus \u00e9ssers estimats.[\/vc_column_text][\/vc_column][\/vc_row][vc_row css_animation=&#8221;&#8221; row_type=&#8221;row&#8221; use_row_as_full_screen_section=&#8221;no&#8221; type=&#8221;full_width&#8221; angled_section=&#8221;no&#8221; text_align=&#8221;left&#8221; background_image_as_pattern=&#8221;without_pattern&#8221;][vc_column][vc_empty_space height=&#8221;50px&#8221;][\/vc_column][\/vc_row][vc_row css_animation=&#8221;&#8221; row_type=&#8221;row&#8221; use_row_as_full_screen_section=&#8221;no&#8221; type=&#8221;grid&#8221; angled_section=&#8221;no&#8221; text_align=&#8221;left&#8221; background_image_as_pattern=&#8221;without_pattern&#8221; z_index=&#8221;&#8221;][vc_column width=&#8221;1\/2&#8243;][vc_single_image image=&#8221;2521&#8243; img_size=&#8221;530&#215;290&#8243; qode_css_animation=&#8221;&#8221;][vc_empty_space height=&#8221;10px&#8221;][vc_single_image image=&#8221;2507&#8243; img_size=&#8221;530&#215;290&#8243; qode_css_animation=&#8221;&#8221;][vc_empty_space height=&#8221;10px&#8221;][\/vc_column][vc_column width=&#8221;1\/2&#8243;][vc_single_image image=&#8221;2527&#8243; img_size=&#8221;530X590&#8243; qode_css_animation=&#8221;&#8221;][vc_empty_space height=&#8221;10px&#8221;][\/vc_column][\/vc_row][vc_row css_animation=&#8221;&#8221; row_type=&#8221;row&#8221; use_row_as_full_screen_section=&#8221;no&#8221; type=&#8221;full_width&#8221; angled_section=&#8221;no&#8221; text_align=&#8221;left&#8221; background_image_as_pattern=&#8221;without_pattern&#8221;][vc_column][vc_empty_space height=&#8221;50px&#8221;][\/vc_column][\/vc_row][vc_row css_animation=&#8221;&#8221; row_type=&#8221;row&#8221; use_row_as_full_screen_section=&#8221;no&#8221; type=&#8221;full_width&#8221; angled_section=&#8221;no&#8221; text_align=&#8221;center&#8221; background_image_as_pattern=&#8221;without_pattern&#8221; z_index=&#8221;&#8221; css=&#8221;.vc_custom_1689168983075{background-color: #e08647 !important;}&#8221;][vc_column][vc_empty_space height=&#8221;50px&#8221;][\/vc_column][\/vc_row][vc_row css_animation=&#8221;element_from_bottom&#8221; row_type=&#8221;row&#8221; use_row_as_full_screen_section=&#8221;no&#8221; type=&#8221;grid&#8221; angled_section=&#8221;no&#8221; text_align=&#8221;center&#8221; background_image_as_pattern=&#8221;without_pattern&#8221; z_index=&#8221;&#8221; css=&#8221;.vc_custom_1689168995461{background-color: #e08647 !important;}&#8221;][vc_column css_animation=&#8221;zoomIn&#8221; width=&#8221;1\/4&#8243;]<div class='q_icon_with_title medium custom_icon_image center qode_iwt_hover_enabled '><div class=\"icon_holder \" style=\" \"><img decoding=\"async\" itemprop=\"image\" style=\"\" src=\"\" alt=\"\"><\/div><div class=\"icon_text_holder\" style=\"\"><div class=\"icon_text_inner\" style=\"\"><h3 class=\"icon_title\" style=\"color: #e08647;font-weight: 400;\">Metge<\/h3><div class=\"separator small left\" style=\"height: 2px;background-color: #e08647;width: 20px;margin-bottom: 15px;\"><\/div><p style='color: #000000'>Servei m\u00e8dic propi<\/p><\/div><\/div><\/div>[vc_empty_space][\/vc_column][vc_column css_animation=&#8221;zoomIn&#8221; width=&#8221;1\/4&#8243;]<div class='q_icon_with_title medium custom_icon_image center qode_iwt_hover_enabled '><div class=\"icon_holder \" style=\" \"><img decoding=\"async\" itemprop=\"image\" style=\"\" src=\"\" alt=\"\"><\/div><div class=\"icon_text_holder\" style=\"\"><div class=\"icon_text_inner\" style=\"\"><h3 class=\"icon_title\" style=\"color: #e08647;font-weight: 400;\">Infermeria<\/h3><div class=\"separator small left\" style=\"height: 2px;background-color: #e08647;width: 20px;margin-bottom: 15px;\"><\/div><p style='color: #000000'>Servei d'infermeria propi<\/p><\/div><\/div><\/div>[vc_empty_space][\/vc_column][vc_column css_animation=&#8221;zoomIn&#8221; width=&#8221;1\/4&#8243;]<div class='q_icon_with_title medium custom_icon_image center qode_iwt_hover_enabled '><div class=\"icon_holder \" style=\" \"><img decoding=\"async\" itemprop=\"image\" style=\"\" src=\"\" alt=\"\"><\/div><div class=\"icon_text_holder\" style=\"\"><div class=\"icon_text_inner\" style=\"\"><h3 class=\"icon_title\" style=\"color: #e08647;font-weight: 400;\">Fisioter\u00e0pia<\/h3><div class=\"separator small left\" style=\"height: 2px;background-color: #e08647;width: 20px;margin-bottom: 15px;\"><\/div><p style='color: #000000'>Servei de fisioterapia personalitzada<\/p><\/div><\/div><\/div>[vc_empty_space][\/vc_column][vc_column width=&#8221;1\/4&#8243;]<div class='q_icon_with_title medium custom_icon_image center qode_iwt_hover_enabled '><div class=\"icon_holder \" style=\" \"><img decoding=\"async\" itemprop=\"image\" style=\"\" src=\"\" alt=\"\"><\/div><div class=\"icon_text_holder\" style=\"\"><div class=\"icon_text_inner\" style=\"\"><h3 class=\"icon_title\" style=\"color: #e08647;font-weight: 400;\">Psicologia<\/h3><div class=\"separator small left\" style=\"height: 2px;background-color: #e08647;width: 20px;margin-bottom: 15px;\"><\/div><p style='color: #000000'>Servei de psicologia personalitzada<\/p><\/div><\/div><\/div>[vc_empty_space][\/vc_column][\/vc_row][vc_row css_animation=&#8221;element_from_bottom&#8221; row_type=&#8221;row&#8221; use_row_as_full_screen_section=&#8221;no&#8221; type=&#8221;grid&#8221; angled_section=&#8221;no&#8221; text_align=&#8221;center&#8221; background_image_as_pattern=&#8221;without_pattern&#8221; z_index=&#8221;&#8221; css=&#8221;.vc_custom_1689169007926{background-color: #e08647 !important;}&#8221;][vc_column css_animation=&#8221;zoomIn&#8221; width=&#8221;1\/4&#8243;]<div class='q_icon_with_title medium custom_icon_image center qode_iwt_hover_enabled '><div class=\"icon_holder \" style=\" \"><img decoding=\"async\" itemprop=\"image\" style=\"\" src=\"\" alt=\"\"><\/div><div class=\"icon_text_holder\" style=\"\"><div class=\"icon_text_inner\" style=\"\"><h3 class=\"icon_title\" style=\"color: #e08647;font-weight: 400;\">Ter\u00e0pia ocupacional<\/h3><div class=\"separator small left\" style=\"height: 2px;background-color: #e08647;width: 20px;margin-bottom: 15px;\"><\/div><p style='color: #000000'>Servei de ter\u00e0pia personalitzada<\/p><\/div><\/div><\/div>[vc_empty_space][\/vc_column][vc_column css_animation=&#8221;zoomIn&#8221; width=&#8221;1\/4&#8243;]<div class='q_icon_with_title medium custom_icon_image center qode_iwt_hover_enabled '><div class=\"icon_holder \" style=\" \"><img decoding=\"async\" itemprop=\"image\" style=\"\" src=\"\" alt=\"\"><\/div><div class=\"icon_text_holder\" style=\"\"><div class=\"icon_text_inner\" style=\"\"><h3 class=\"icon_title\" style=\"color: #e08647;font-weight: 400;\">Educaci\u00f3 social<\/h3><div class=\"separator small left\" style=\"height: 2px;background-color: #e08647;width: 20px;margin-bottom: 15px;\"><\/div><p style='color: #000000'>Servei d'educaci\u00f3 social i animaci\u00f3<\/p><\/div><\/div><\/div>[vc_empty_space][\/vc_column][vc_column css_animation=&#8221;zoomIn&#8221; width=&#8221;1\/4&#8243;]<div class='q_icon_with_title medium custom_icon_image center qode_iwt_hover_enabled '><div class=\"icon_holder \" style=\" \"><img decoding=\"async\" itemprop=\"image\" style=\"\" src=\"\" alt=\"\"><\/div><div class=\"icon_text_holder\" style=\"\"><div class=\"icon_text_inner\" style=\"\"><h3 class=\"icon_title\" style=\"color: #e08647;font-weight: 400;\">Treball social<\/h3><div class=\"separator small left\" style=\"height: 2px;background-color: #e08647;width: 20px;margin-bottom: 15px;\"><\/div><p style='color: #000000'>Servei d'assist\u00e8ncia social<\/p><\/div><\/div><\/div>[vc_empty_space][\/vc_column][vc_column width=&#8221;1\/4&#8243;]<div class='q_icon_with_title medium custom_icon_image center qode_iwt_hover_enabled '><div class=\"icon_holder \" style=\" \"><img decoding=\"async\" itemprop=\"image\" style=\"\" src=\"\" alt=\"\"><\/div><div class=\"icon_text_holder\" style=\"\"><div class=\"icon_text_inner\" style=\"\"><h3 class=\"icon_title\" style=\"color: #e08647;font-weight: 400;\">Servei religi\u00f3s<\/h3><div class=\"separator small left\" style=\"height: 2px;background-color: #e08647;width: 20px;margin-bottom: 15px;\"><\/div><p style='color: #000000'>S'oficia Santa Misa setmanal<\/p><\/div><\/div><\/div>[vc_empty_space][\/vc_column][\/vc_row][vc_row css_animation=&#8221;element_from_bottom&#8221; row_type=&#8221;row&#8221; use_row_as_full_screen_section=&#8221;no&#8221; type=&#8221;grid&#8221; angled_section=&#8221;no&#8221; text_align=&#8221;center&#8221; background_image_as_pattern=&#8221;without_pattern&#8221; z_index=&#8221;&#8221; css=&#8221;.vc_custom_1689169021032{background-color: #e08647 !important;}&#8221;][vc_column css_animation=&#8221;zoomIn&#8221; width=&#8221;1\/4&#8243;]<div class='q_icon_with_title medium custom_icon_image center qode_iwt_hover_enabled '><div class=\"icon_holder \" style=\" \"><img decoding=\"async\" itemprop=\"image\" style=\"\" src=\"\" alt=\"\"><\/div><div class=\"icon_text_holder\" style=\"\"><div class=\"icon_text_inner\" style=\"\"><h3 class=\"icon_title\" style=\"color: #e08647;font-weight: 400;\">Podologia<\/h3><div class=\"separator small left\" style=\"height: 2px;background-color: #e08647;width: 20px;margin-bottom: 15px;\"><\/div><p style='color: #000000'>Disposem de servei de podologia<\/p><\/div><\/div><\/div>[vc_empty_space][\/vc_column][vc_column css_animation=&#8221;zoomIn&#8221; width=&#8221;1\/4&#8243;]<div class='q_icon_with_title medium custom_icon_image center qode_iwt_hover_enabled '><div class=\"icon_holder \" style=\" \"><img decoding=\"async\" itemprop=\"image\" style=\"\" src=\"\" alt=\"\"><\/div><div class=\"icon_text_holder\" style=\"\"><div class=\"icon_text_inner\" style=\"\"><h3 class=\"icon_title\" style=\"color: #e08647;font-weight: 400;\">Nutricionista<\/h3><div class=\"separator small left\" style=\"height: 2px;background-color: #e08647;width: 20px;margin-bottom: 15px;\"><\/div><p style='color: #000000'>Servei de nutricionista<\/p><\/div><\/div><\/div>[vc_empty_space][\/vc_column][vc_column css_animation=&#8221;zoomIn&#8221; width=&#8221;1\/4&#8243;]<div class='q_icon_with_title medium custom_icon_image center qode_iwt_hover_enabled '><div class=\"icon_holder \" style=\" \"><img decoding=\"async\" itemprop=\"image\" style=\"\" src=\"\" alt=\"\"><\/div><div class=\"icon_text_holder\" style=\"\"><div class=\"icon_text_inner\" style=\"\"><h3 class=\"icon_title\" style=\"color: #e08647;font-weight: 400;\">Acompanyament<\/h3><div class=\"separator small left\" style=\"height: 2px;background-color: #e08647;width: 20px;margin-bottom: 15px;\"><\/div><p style='color: #000000'>Servei d'acompanyament als residents en consultes externes<\/p><\/div><\/div><\/div>[vc_empty_space][\/vc_column][vc_column width=&#8221;1\/4&#8243;]<div class='q_icon_with_title medium custom_icon_image center qode_iwt_hover_enabled '><div class=\"icon_holder \" style=\" \"><img decoding=\"async\" itemprop=\"image\" style=\"\" src=\"\" alt=\"\"><\/div><div class=\"icon_text_holder\" style=\"\"><div class=\"icon_text_inner\" style=\"\"><h3 class=\"icon_title\" style=\"color: #e08647;font-weight: 400;\">Excursions<\/h3><div class=\"separator small left\" style=\"height: 2px;background-color: #e08647;width: 20px;margin-bottom: 15px;\"><\/div><p style='color: #000000'>Visita a llocs d'inter\u00e8s i excursions<\/p><\/div><\/div><\/div>[vc_empty_space][\/vc_column][\/vc_row][vc_row css_animation=&#8221;element_from_bottom&#8221; row_type=&#8221;row&#8221; use_row_as_full_screen_section=&#8221;no&#8221; type=&#8221;grid&#8221; angled_section=&#8221;no&#8221; text_align=&#8221;center&#8221; background_image_as_pattern=&#8221;without_pattern&#8221; z_index=&#8221;&#8221; css=&#8221;.vc_custom_1689169036309{background-color: #e08647 !important;}&#8221;][vc_column css_animation=&#8221;zoomIn&#8221; width=&#8221;1\/4&#8243;]<div class='q_icon_with_title medium custom_icon_image center qode_iwt_hover_enabled '><div class=\"icon_holder \" style=\" \"><img decoding=\"async\" itemprop=\"image\" style=\"\" src=\"\" alt=\"\"><\/div><div class=\"icon_text_holder\" style=\"\"><div class=\"icon_text_inner\" style=\"\"><h3 class=\"icon_title\" style=\"color: #e08647;font-weight: 400;\">Voluntariado<\/h3><div class=\"separator small left\" style=\"height: 2px;background-color: #e08647;width: 20px;margin-bottom: 15px;\"><\/div><p style='color: #000000'>Servicio de voluntariado<\/p><\/div><\/div><\/div>[vc_empty_space][\/vc_column][vc_column css_animation=&#8221;zoomIn&#8221; width=&#8221;1\/4&#8243;]<div class='q_icon_with_title medium custom_icon_image center qode_iwt_hover_enabled '><div class=\"icon_holder \" style=\" \"><img decoding=\"async\" itemprop=\"image\" style=\"\" src=\"\" alt=\"\"><\/div><div class=\"icon_text_holder\" style=\"\"><div class=\"icon_text_inner\" style=\"\"><h3 class=\"icon_title\" style=\"color: #e08647;font-weight: 400;\">Wi-Fi<\/h3><div class=\"separator small left\" style=\"height: 2px;background-color: #e08647;width: 20px;margin-bottom: 15px;\"><\/div><p style='color: #000000'>Comunicaci\u00f3 entre familiars y residents<\/p><\/div><\/div><\/div>[vc_empty_space][\/vc_column][vc_column css_animation=&#8221;zoomIn&#8221; width=&#8221;1\/4&#8243;]<div class='q_icon_with_title medium custom_icon_image center qode_iwt_hover_enabled '><div class=\"icon_holder \" style=\" \"><img decoding=\"async\" itemprop=\"image\" style=\"\" src=\"\" alt=\"\"><\/div><div class=\"icon_text_holder\" style=\"\"><div class=\"icon_text_inner\" style=\"\"><h3 class=\"icon_title\" style=\"color: #e08647;font-weight: 400;\">Bugaderia<\/h3><div class=\"separator small left\" style=\"height: 2px;background-color: #e08647;width: 20px;margin-bottom: 15px;\"><\/div><p style='color: #000000'>Servei de bugaderia propi<\/p><\/div><\/div><\/div>[vc_empty_space][\/vc_column][vc_column width=&#8221;1\/4&#8243;]<div class='q_icon_with_title medium custom_icon_image center qode_iwt_hover_enabled '><div class=\"icon_holder \" style=\" \"><img decoding=\"async\" itemprop=\"image\" style=\"\" src=\"\" alt=\"\"><\/div><div class=\"icon_text_holder\" style=\"\"><div class=\"icon_text_inner\" style=\"\"><h3 class=\"icon_title\" style=\"color: #e08647;font-weight: 400;\">Perruqueria<\/h3><div class=\"separator small left\" style=\"height: 2px;background-color: #e08647;width: 20px;margin-bottom: 15px;\"><\/div><p style='color: #000000'>Servei de perruqueria pels nostres residents<\/p><\/div><\/div><\/div>[\/vc_column][\/vc_row][vc_row css_animation=&#8221;&#8221; row_type=&#8221;row&#8221; use_row_as_full_screen_section=&#8221;no&#8221; type=&#8221;full_width&#8221; angled_section=&#8221;no&#8221; text_align=&#8221;center&#8221; background_image_as_pattern=&#8221;without_pattern&#8221; z_index=&#8221;&#8221; css=&#8221;.vc_custom_1689169049145{background-color: #e08647 !important;}&#8221;][vc_column][vc_empty_space height=&#8221;60&#8243;][\/vc_column][\/vc_row][vc_row css_animation=&#8221;&#8221; row_type=&#8221;row&#8221; use_row_as_full_screen_section=&#8221;no&#8221; type=&#8221;grid&#8221; angled_section=&#8221;no&#8221; text_align=&#8221;left&#8221; background_image_as_pattern=&#8221;without_pattern&#8221; z_index=&#8221;&#8221;][vc_column][vc_empty_space height=&#8221;60px&#8221;][vc_column_text]<\/p>\n<h2 style=\"text-align: left;\"><span style=\"color: #464c4b;\">Tipus d&#8217;estades<\/span><\/h2>\n<p>[\/vc_column_text][vc_separator type=&#8221;small&#8221; position=&#8221;left&#8221; width_in_percentages=&#8221;yes&#8221; color=&#8221;#464c4b&#8221; thickness=&#8221;1,5&#8243; width=&#8221;10&#8243;][vc_empty_space height=&#8221;60px&#8221;][\/vc_column][\/vc_row][vc_row css_animation=&#8221;&#8221; row_type=&#8221;row&#8221; use_row_as_full_screen_section=&#8221;no&#8221; type=&#8221;grid&#8221; angled_section=&#8221;no&#8221; text_align=&#8221;left&#8221; background_image_as_pattern=&#8221;without_pattern&#8221; z_index=&#8221;&#8221;][vc_column width=&#8221;1\/6&#8243;]<div class=\"q_icon_list\"><i class=\"qode_icon_font_awesome fa fa-check qode-ili-icon-holder transparent\" style=\"color: #24852e;\" ><\/i><p style=\"color:#333333;font-weight: 300;\">Est\u00e0ncia indefinida<\/p><\/div>[\/vc_column][vc_column width=&#8221;1\/6&#8243;]<div class=\"q_icon_list\"><i class=\"qode_icon_font_awesome fa fa-check qode-ili-icon-holder transparent\" style=\"color: #24852e;\" ><\/i><p style=\"color:#333333;font-weight: 300;\">Est\u00e0ncia de centre de dia<\/p><\/div>[\/vc_column][vc_column width=&#8221;1\/6&#8243;]<div class=\"q_icon_list\"><i class=\"qode_icon_font_awesome fa fa-check qode-ili-icon-holder transparent\" style=\"color: #24852e;\" ><\/i><p style=\"color:#333333;font-weight: 300;\">Estancia temporal per convalesc\u00e8ncia<\/p><\/div>[\/vc_column][vc_column width=&#8221;1\/6&#8243;]<div class=\"q_icon_list\"><i class=\"qode_icon_font_awesome fa fa-check qode-ili-icon-holder transparent\" style=\"color: #24852e;\" ><\/i><p style=\"color:#333333;font-weight: 300;\">Est\u00e0ncia temporal postquir\u00fargic o traum\u00e0tica<\/p><\/div>[\/vc_column][vc_column width=&#8221;1\/6&#8243;]<div class=\"q_icon_list\"><i class=\"qode_icon_font_awesome fa fa-check qode-ili-icon-holder transparent\" style=\"color: #24852e;\" ><\/i><p style=\"color:#333333;font-weight: 300;\">Est\u00e0ncia temporal per descans familiar<\/p><\/div>[\/vc_column][vc_column width=&#8221;1\/6&#8243;]<div class=\"q_icon_list\"><i class=\"qode_icon_font_awesome fa fa-check qode-ili-icon-holder transparent\" style=\"color: #24852e;\" ><\/i><p style=\"color:#333333;font-weight: 300;\">Est\u00e0ncia per dies concrets<\/p><\/div>[\/vc_column][\/vc_row][vc_row css_animation=&#8221;&#8221; row_type=&#8221;row&#8221; use_row_as_full_screen_section=&#8221;no&#8221; type=&#8221;full_width&#8221; angled_section=&#8221;no&#8221; text_align=&#8221;left&#8221; background_image_as_pattern=&#8221;without_pattern&#8221;][vc_column][vc_empty_space height=&#8221;90px&#8221;][\/vc_column][\/vc_row]<\/p>\n<\/div>","protected":false},"excerpt":{"rendered":"<p>[vc_row css_animation=&#8221;element_from_bottom&#8221; row_type=&#8221;row&#8221; use_row_as_full_screen_section=&#8221;no&#8221; type=&#8221;full_width&#8221; angled_section=&#8221;no&#8221; text_align=&#8221;left&#8221; background_image_as_pattern=&#8221;without_pattern&#8221; z_index=&#8221;&#8221; background_image=&#8221;2567&#8243;][vc_column][vc_empty_space height=&#8221;200&#8243;][vc_column_text][\/vc_column_text][vc_empty_space height=&#8221;200px&#8221;][\/vc_column][\/vc_row][vc_row css_animation=&#8221;&#8221; row_type=&#8221;row&#8221; use_row_as_full_screen_section=&#8221;no&#8221; type=&#8221;full_width&#8221; angled_section=&#8221;no&#8221; text_align=&#8221;left&#8221; background_image_as_pattern=&#8221;without_pattern&#8221;][vc_column][vc_empty_space height=&#8221;50px&#8221;][vc_column_text] SERVEIS [\/vc_column_text][vc_separator type=&#8221;small&#8221; position=&#8221;center&#8221; color=&#8221;#464c4b&#8221; thickness=&#8221;1,5&#8243; width=&#8221;20&#8243;][vc_empty_space height=&#8221;50px&#8221;][\/vc_column][\/vc_row][vc_row css_animation=&#8221;&#8221; row_type=&#8221;row&#8221; use_row_as_full_screen_section=&#8221;no&#8221; type=&#8221;grid&#8221; angled_section=&#8221;no&#8221; text_align=&#8221;left&#8221; background_image_as_pattern=&#8221;without_pattern&#8221; z_index=&#8221;&#8221;][vc_column][vc_column_text]Cugat Residencial: Serveis de Qualitat, Atenci\u00f3 Familiar &nbsp; A la&#8230;<\/p>\n","protected":false},"author":2,"featured_media":0,"parent":0,"menu_order":0,"comment_status":"closed","ping_status":"closed","template":"full_width.php","meta":{"footnotes":""},"yst_prominent_words":[],"class_list":["post-951","page","type-page","status-publish","hentry"],"_links":{"self":[{"href":"https:\/\/residenciaalzheimerbarcelona.com\/ca\/wp-json\/wp\/v2\/pages\/951","targetHints":{"allow":["GET"]}}],"collection":[{"href":"https:\/\/residenciaalzheimerbarcelona.com\/ca\/wp-json\/wp\/v2\/pages"}],"about":[{"href":"https:\/\/residenciaalzheimerbarcelona.com\/ca\/wp-json\/wp\/v2\/types\/page"}],"author":[{"embeddable":true,"href":"https:\/\/residenciaalzheimerbarcelona.com\/ca\/wp-json\/wp\/v2\/users\/2"}],"replies":[{"embeddable":true,"href":"https:\/\/residenciaalzheimerbarcelona.com\/ca\/wp-json\/wp\/v2\/comments?post=951"}],"version-history":[{"count":32,"href":"https:\/\/residenciaalzheimerbarcelona.com\/ca\/wp-json\/wp\/v2\/pages\/951\/revisions"}],"predecessor-version":[{"id":2700,"href":"https:\/\/residenciaalzheimerbarcelona.com\/ca\/wp-json\/wp\/v2\/pages\/951\/revisions\/2700"}],"wp:attachment":[{"href":"https:\/\/residenciaalzheimerbarcelona.com\/ca\/wp-json\/wp\/v2\/media?parent=951"}],"wp:term":[{"taxonomy":"yst_prominent_words","embeddable":true,"href":"https:\/\/residenciaalzheimerbarcelona.com\/ca\/wp-json\/wp\/v2\/yst_prominent_words?post=951"}],"curies":[{"name":"wp","href":"https:\/\/api.w.org\/{rel}","templated":true}]}}