{"id":2409,"date":"2021-04-27T16:52:44","date_gmt":"2021-04-27T16:52:44","guid":{"rendered":"https:\/\/residenciaalzheimerbarcelona.com\/politica-de-privacidad\/"},"modified":"2026-02-26T10:09:12","modified_gmt":"2026-02-26T10:09:12","slug":"politica-de-privacidad","status":"publish","type":"page","link":"https:\/\/residenciaalzheimerbarcelona.com\/ca\/politica-de-privacidad\/","title":{"rendered":"Pol\u00edtica de privacidad"},"content":{"rendered":"<div class=\"wpb-content-wrapper\"><p>[vc_row css_animation=&#8221;&#8221; row_type=&#8221;row&#8221; use_row_as_full_screen_section=&#8221;no&#8221; type=&#8221;full_width&#8221; angled_section=&#8221;no&#8221; text_align=&#8221;left&#8221; background_image_as_pattern=&#8221;without_pattern&#8221;][vc_column][vc_column_text css=&#8221;&#8221;]<strong>1. INFORMACI\u00d3N AL USUARIO<\/strong><\/p>\n<p>&nbsp;<\/p>\n<p>PARESLAP SL, en adelante RESPONSABLE, es el Responsable del tratamiento de los datos personales del Usuario y le informa que estos datos ser\u00e1n tratados de conformidad con lo dispuesto en las normativas vigentes en protecci\u00f3n de datos personales, el Reglamento (UE) 2016\/679 de 27 de abril de 2016 (GDPR) relativo a la protecci\u00f3n de las personas f\u00edsicas en lo que respecta al tratamiento de datos personales y a la libre circulaci\u00f3n de estos datos y la Ley Org\u00e1nica (ES) 15\/1999 de 13 de diciembre (LOPD) relativa a la protecci\u00f3n de datos de car\u00e1cter personal, por lo que se le facilita la siguiente informaci\u00f3n del tratamiento:<\/p>\n<p>Fin del tratamiento: mantener una relaci\u00f3n comercial con el Usuario. Las operaciones previstas para\u00a0realizar el tratamiento son:<br \/>\n&gt; Remisi\u00f3n de comunicaciones comerciales publicitarias por email, fax, SMS, MMS, Whatssapp, comunidades sociales o cualquier otro medio electr\u00f3nico o f\u00edsico, presente o futuro, que\u00a0posibilite realizar comunicaciones comerciales. Estas comunicaciones ser\u00e1n realizadas por\u00a0el RESPONSABLE y relacionadas sobre sus productos y servicios, o de sus colaboradores o\u00a0proveedores con los que \u00e9ste haya alcanzado alg\u00fan acuerdo de promoci\u00f3n. En este caso, los\u00a0terceros nunca tendr\u00e1n acceso a los datos personales.<br \/>\n&gt;\u00a0Realizar estudios estad\u00edsticos.<br \/>\n&gt;\u00a0Tramitar encargos, solicitudes o cualquier tipo de petici\u00f3n que sea realizada por el usuario a\u00a0trav\u00e9s de cualquiera de las formas de contacto que se ponen a su disposici\u00f3n.<br \/>\n&gt;\u00a0Remitir el bolet\u00edn de noticias de la p\u00e1gina web.<\/p>\n<p>Criterios de conservaci\u00f3n de los datos: se conservar\u00e1n mientras exista un inter\u00e9s mutuo para\u00a0mantener el fin del tratamiento y cuando ya no sea necesario para tal fin, se suprimir\u00e1n con medidas\u00a0de seguridad adecuadas para garantizar la seudonimizaci\u00f3n de los datos o la destrucci\u00f3n total de los\u00a0mismos.<\/p>\n<p>Comunicaci\u00f3n de los datos: No se comunicar\u00e1n los datos a terceros, salvo obligaci\u00f3n legal.<br \/>\nDerechos que asisten al Usuario:<br \/>\n&gt;\u00a0Derecho a retirar el consentimiento en cualquier momento.<br \/>\n&gt;\u00a0Derecho de acceso, rectificaci\u00f3n, portabilidad y supresi\u00f3n de sus datos y a la limitaci\u00f3n u\u00a0oposici\u00f3n al su tratamiento.<br \/>\n&gt;\u00a0Derecho a presentar una reclamaci\u00f3n ante la autoridad de control (agpd.es) si considera que\u00a0el tratamiento no se ajusta a la normativa vigente.<\/p>\n<p>Datos de contacto para ejercer sus derechos:<br \/>\nDirecci\u00f3n postal: Pareslap SL, C\/ Carrer de Montserrat de Casanovas, 201 &#8211; 209, 08032 Barcelona, Espa\u00f1a.<br \/>\nTel\u00e9fono: 93 358 77 42<br \/>\nDirecci\u00f3n electr\u00f3nica: residencialosolivos@rlosolivos.com<\/p>\n<p>&nbsp;<\/p>\n<p><strong>2. CAR\u00c1CTER OBLIGATORIO O FACULTATIVO DE LA INFORMACI\u00d3N FACILITADA POR EL\u00a0USUARIO<\/strong><\/p>\n<p>&nbsp;<\/p>\n<p>Los Usuarios, mediante la marcaci\u00f3n de las casillas correspondientes y entrada de datos en los\u00a0campos, marcados con un asterisco (*) en el formulario de contacto o presentados en formularios de\u00a0descarga, aceptan expresamente y de forma libre e inequ\u00edvoca, que sus datos son necesarios para\u00a0atender su petici\u00f3n, por parte del prestador, siendo voluntaria la inclusi\u00f3n de datos en los campos\u00a0restantes. El Usuario garantiza que los datos personales facilitados al RESPONSABLE son veraces y\u00a0se hace responsable de comunicar cualquier modificaci\u00f3n de los mismos.<br \/>\nEl RESPONSABLE informa y garantiza expresamente a los usuarios que sus datos personales no\u00a0ser\u00e1n cedidos en ning\u00fan caso a terceros, y que siempre que realizara alg\u00fan tipo de cesi\u00f3n de datos\u00a0personales, se pedir\u00e1 previamente el consentimiento expreso, informado e inequ\u00edvoco por parte los\u00a0Usuarios. Todos los datos solicitados a trav\u00e9s del sitio web son obligatorios, ya que son necesarios\u00a0para la prestaci\u00f3n de un servicio \u00f3ptimo al Usuario. En caso de que no sean facilitados todos los datos,\u00a0no se garantiza que la informaci\u00f3n y servicios facilitados sean completamente ajustados a sus\u00a0necesidades.<\/p>\n<p>&nbsp;<\/p>\n<p><strong>3. MEDIDAS DE SEGURIDAD<\/strong><\/p>\n<p>&nbsp;<\/p>\n<p>Que de conformidad con lo dispuesto en las normativas vigentes en protecci\u00f3n de datos personales, el\u00a0RESPONSABLE est\u00e1 cumpliendo con todas las disposiciones de las normativas GDPR y LOPD para el\u00a0tratamiento de los datos personales de su responsabilidad, y manifiestamente con los principios\u00a0descritos en el art\u00edculo 5 del GDPR y en el art\u00edculo 4 de la LOPD, por los cuales son tratados de\u00a0manera l\u00edcita, leal y transparente en relaci\u00f3n con el interesado y adecuados, pertinentes y limitados a\u00a0lo necesario en relaci\u00f3n con los fines para los que son tratados.<br \/>\nEl RESPONSABLE garantiza que ha implementado pol\u00edticas t\u00e9cnicas y organizativas apropiadas para\u00a0aplicar las medidas de seguridad que establecen el GDPR y la LOPD con el fin de proteger los\u00a0derechos y libertades de los Usuarios y les ha comunicado la informaci\u00f3n adecuada para que puedan\u00a0ejercerlos.[\/vc_column_text][\/vc_column][\/vc_row][vc_row css_animation=&#8221;&#8221; row_type=&#8221;row&#8221; use_row_as_full_screen_section=&#8221;no&#8221; type=&#8221;full_width&#8221; angled_section=&#8221;no&#8221; text_align=&#8221;left&#8221; background_image_as_pattern=&#8221;without_pattern&#8221;][vc_column][vc_empty_space height=&#8221;60px&#8221;][\/vc_column][\/vc_row]<\/p>\n<\/div>","protected":false},"excerpt":{"rendered":"<p>[vc_row css_animation=&#8221;&#8221; row_type=&#8221;row&#8221; use_row_as_full_screen_section=&#8221;no&#8221; type=&#8221;full_width&#8221; angled_section=&#8221;no&#8221; text_align=&#8221;left&#8221; background_image_as_pattern=&#8221;without_pattern&#8221;][vc_column][vc_column_text css=&#8221;&#8221;]1. INFORMACI\u00d3N AL USUARIO &nbsp; PARESLAP SL, en adelante RESPONSABLE, es el Responsable del tratamiento de los datos personales del Usuario y le informa que estos datos ser\u00e1n tratados de conformidad con lo dispuesto en las normativas&#8230;<\/p>\n","protected":false},"author":1,"featured_media":0,"parent":0,"menu_order":0,"comment_status":"closed","ping_status":"open","template":"","meta":{"footnotes":""},"yst_prominent_words":[],"class_list":["post-2409","page","type-page","status-publish","hentry"],"_links":{"self":[{"href":"https:\/\/residenciaalzheimerbarcelona.com\/ca\/wp-json\/wp\/v2\/pages\/2409","targetHints":{"allow":["GET"]}}],"collection":[{"href":"https:\/\/residenciaalzheimerbarcelona.com\/ca\/wp-json\/wp\/v2\/pages"}],"about":[{"href":"https:\/\/residenciaalzheimerbarcelona.com\/ca\/wp-json\/wp\/v2\/types\/page"}],"author":[{"embeddable":true,"href":"https:\/\/residenciaalzheimerbarcelona.com\/ca\/wp-json\/wp\/v2\/users\/1"}],"replies":[{"embeddable":true,"href":"https:\/\/residenciaalzheimerbarcelona.com\/ca\/wp-json\/wp\/v2\/comments?post=2409"}],"version-history":[{"count":3,"href":"https:\/\/residenciaalzheimerbarcelona.com\/ca\/wp-json\/wp\/v2\/pages\/2409\/revisions"}],"predecessor-version":[{"id":2931,"href":"https:\/\/residenciaalzheimerbarcelona.com\/ca\/wp-json\/wp\/v2\/pages\/2409\/revisions\/2931"}],"wp:attachment":[{"href":"https:\/\/residenciaalzheimerbarcelona.com\/ca\/wp-json\/wp\/v2\/media?parent=2409"}],"wp:term":[{"taxonomy":"yst_prominent_words","embeddable":true,"href":"https:\/\/residenciaalzheimerbarcelona.com\/ca\/wp-json\/wp\/v2\/yst_prominent_words?post=2409"}],"curies":[{"name":"wp","href":"https:\/\/api.w.org\/{rel}","templated":true}]}}